{"id":16,"date":"2020-03-27T03:09:39","date_gmt":"2020-03-27T03:09:39","guid":{"rendered":"https:\/\/www.loftocean.com\/demo-data\/tinysalt\/?page_id=16"},"modified":"2024-12-10T10:38:52","modified_gmt":"2024-12-10T10:38:52","slug":"newsletter","status":"publish","type":"page","link":"https:\/\/mamosrestoranas.lt\/?page_id=16","title":{"rendered":"Naujienlai\u0161kis"},"content":{"rendered":"\n<div class=\"wp-block-cover alignfull is-light\" style=\"min-height:600px;aspect-ratio:unset;\"><span aria-hidden=\"true\" class=\"wp-block-cover__background has-background-dim-30 has-background-dim\"><\/span><img decoding=\"async\" class=\"wp-block-cover__image-background wp-image-865\" alt=\"\u2502\" src=\"https:\/\/tinysalt.loftocean.com\/wp-content\/uploads\/2020\/03\/k-i-l-i-a-n-eCqALRXqCRU-unsplash.jpg\" data-object-fit=\"cover\" title=\"\"><div class=\"wp-block-cover__inner-container is-layout-flow wp-block-cover-is-layout-flow\">\n<h2 class=\"wp-block-heading has-text-align-center\">Naujausi receptai j\u016bs\u0173 pa\u0161to d\u0117\u017eut\u0117je:<\/h2>\n\n\n\n<\/div><\/div>\n","protected":false},"excerpt":{"rendered":"","protected":false},"author":1,"featured_media":0,"parent":0,"menu_order":0,"comment_status":"closed","ping_status":"closed","template":"template-3-no-sidebar.php","meta":{"om_disable_all_campaigns":false,"wprm-recipe-roundup-name":"","wprm-recipe-roundup-description":"","loftocean_post_format_gallery":"","loftocean_post_format_gallery_ids":"","loftocean_post_format_gallery_urls":"","loftocean_post_format_video_id":0,"loftocean_post_format_video_url":"","loftocean_post_format_video_type":"","loftocean_post_format_video":"","loftocean_post_format_audio_type":"","loftocean_post_format_audio_url":"","loftocean_post_format_audio_id":0,"loftocean_post_format_audio":"","loftocean-featured-post":"","loftocean-like-count":0,"loftocean-view-count":0,"tinysalt_single_post_intro_label":"","tinysalt_single_post_intro_description":"","tinysalt_hide_post_featured_image":"","tinysalt_post_featured_media_position":"","tinysalt_hide_before_page_content_ad":"","tinysalt_hide_after_page_content_ad":"","tinysalt_hide_page_header":"on","tinysalt_advanced_classname":"no-padding-bottom hide-footer-logo hide-footer-signup","tinysalt_page_featured_media_position":"","footnotes":""},"class_list":["post-16","page","type-page","status-publish","hentry"],"_links":{"self":[{"href":"https:\/\/mamosrestoranas.lt\/index.php?rest_route=\/wp\/v2\/pages\/16","targetHints":{"allow":["GET"]}}],"collection":[{"href":"https:\/\/mamosrestoranas.lt\/index.php?rest_route=\/wp\/v2\/pages"}],"about":[{"href":"https:\/\/mamosrestoranas.lt\/index.php?rest_route=\/wp\/v2\/types\/page"}],"author":[{"embeddable":true,"href":"https:\/\/mamosrestoranas.lt\/index.php?rest_route=\/wp\/v2\/users\/1"}],"replies":[{"embeddable":true,"href":"https:\/\/mamosrestoranas.lt\/index.php?rest_route=%2Fwp%2Fv2%2Fcomments&post=16"}],"version-history":[{"count":2,"href":"https:\/\/mamosrestoranas.lt\/index.php?rest_route=\/wp\/v2\/pages\/16\/revisions"}],"predecessor-version":[{"id":2711,"href":"https:\/\/mamosrestoranas.lt\/index.php?rest_route=\/wp\/v2\/pages\/16\/revisions\/2711"}],"wp:attachment":[{"href":"https:\/\/mamosrestoranas.lt\/index.php?rest_route=%2Fwp%2Fv2%2Fmedia&parent=16"}],"curies":[{"name":"wp","href":"https:\/\/api.w.org\/{rel}","templated":true}]}}